{"id":1527,"date":"2018-10-16T07:31:49","date_gmt":"2018-10-16T05:31:49","guid":{"rendered":"https:\/\/www.separatoryamalgamatu.com.pl\/?page_id=1527"},"modified":"2026-03-02T19:36:33","modified_gmt":"2026-03-02T18:36:33","slug":"i-type-of-sedimentation-and-filtration-separators-2","status":"publish","type":"page","link":"https:\/\/www.separatoryamalgamatu.com.pl\/en\/i-type-of-sedimentation-and-filtration-separators-2\/","title":{"rendered":"Amalgam separators for pumps and mobile aspirators"},"content":{"rendered":"\t\t<div data-elementor-type=\"wp-post\" data-elementor-id=\"1527\" class=\"elementor elementor-1527\" data-elementor-settings=\"[]\">\n\t\t\t\t\t\t<div class=\"elementor-inner\">\n\t\t\t\t\t\t\t<div class=\"elementor-section-wrap\">\n\t\t\t\t\t\t\t<section class=\"elementor-section elementor-top-section elementor-element elementor-element-6a237a77 elementor-section-boxed elementor-section-height-default elementor-section-height-default\" data-id=\"6a237a77\" data-element_type=\"section\">\n\t\t\t\t\t\t<div class=\"elementor-container elementor-column-gap-default\">\n\t\t\t\t\t\t\t<div class=\"elementor-row\">\n\t\t\t\t\t<div class=\"elementor-column elementor-col-100 elementor-top-column elementor-element elementor-element-e5478f2\" data-id=\"e5478f2\" data-element_type=\"column\">\n\t\t\t<div class=\"elementor-column-wrap elementor-element-populated\">\n\t\t\t\t\t\t\t<div class=\"elementor-widget-wrap\">\n\t\t\t\t\t\t<div class=\"elementor-element elementor-element-6b583fe2 elementor-widget elementor-widget-text-editor\" data-id=\"6b583fe2\" data-element_type=\"widget\" data-widget_type=\"text-editor.default\">\n\t\t\t\t<div class=\"elementor-widget-container\">\n\t\t\t\t\t\t\t\t<div class=\"elementor-text-editor elementor-clearfix\">\n\t\t\t\t<h1>Amalgam separators for pumps<\/h1>\n<p>\t\t\t\t\t\tAmalgam separator for 1 dental unit<\/p>\n<h2>SEPARATOR SIZE 1 SURF<\/h2>\n<figure><img width=\"4616\" height=\"3462\" src=\"https:\/\/www.separatoryamalgamatu.com.pl\/wp-content\/uploads\/2018\/06\/SD3A9826-1.jpg\" alt=\"separator amalgamatu sedymentacyjno-filtracyjny, Size 1\" loading=\"lazy\" srcset=\"https:\/\/www.separatoryamalgamatu.com.pl\/wp-content\/uploads\/2018\/06\/SD3A9826-1.jpg 4616w, https:\/\/www.separatoryamalgamatu.com.pl\/wp-content\/uploads\/2018\/06\/SD3A9826-1-300x225.jpg 300w, https:\/\/www.separatoryamalgamatu.com.pl\/wp-content\/uploads\/2018\/06\/SD3A9826-1-768x576.jpg 768w, https:\/\/www.separatoryamalgamatu.com.pl\/wp-content\/uploads\/2018\/06\/SD3A9826-1-1024x768.jpg 1024w, https:\/\/www.separatoryamalgamatu.com.pl\/wp-content\/uploads\/2018\/06\/SD3A9826-1-285x214.jpg 285w, https:\/\/www.separatoryamalgamatu.com.pl\/wp-content\/uploads\/2018\/06\/SD3A9826-1-600x450.jpg 600w, https:\/\/www.separatoryamalgamatu.com.pl\/wp-content\/uploads\/2018\/06\/SD3A9826-1-341x256.jpg 341w\" sizes=\"(max-width: 4616px) 100vw, 4616px\"><\/figure>\n<p><\/p>\n<p>It is designed for use a single surgery.<\/p>\n<p> It can be mounted on the following pumps for example:<br><strong>Durr all VS suction pumps (eg Durr VS300S)<br>Cattani all suction pumps (eg Cattani Turbo Jet 1)<br><\/strong><strong>Metasys suction pumps <\/strong><strong>or <\/strong><strong>any other similar pumps<br><\/strong><\/p>\n<p>Amalgam separation at the level of 98,4<strong>%.<\/strong><\/p>\n<p>Specification:<\/p>\n<ul>\n<li>TUV tested (2020), complies to ISO11143<\/li>\n<li>This is&nbsp;the UK&#8217;s most popular Separator and the World\u2019s&nbsp;most cost effective Amalgam Separator<\/li>\n<li>Not electrical (no power required)<\/li>\n<li>No running costs<\/li>\n<li>No maintenance<\/li>\n<li>No servicing<\/li>\n<li>No hidden costs<\/li>\n<li>Installation cost 100 Euros (average) or fit it yourself<\/li>\n<li>Silent operation<\/li>\n<li>2 year parts warranty<\/li>\n<li>100% recyclable<\/li>\n<li>Fits all dry line suction pumps<\/li>\n<li>No rotors\/collector cups or buffers<\/li>\n<li>Easy fit<\/li>\n<li>Small and compact<\/li>\n<li>Height &#8211;&nbsp;29cm &#8211; 8 \u00bd inch<\/li>\n<li>Diameter &#8211;&nbsp;25cm (10 inch)<\/li>\n<li>To save space, this can be installed into a standard 60cm high cabinet beneath your separator<\/li>\n<li>Supplied with:<\/li>\n<li>2 metres of hose<\/li>\n<li>2 x 1 \u00bc inch universal waste pipe connectors<\/li>\n<li>4 hose clips<\/li>\n<li>2 adaptors (hose to universal waste fitting)<\/li>\n<\/ul>\n<h1>Price 377 euro<\/h1>\n<p>https:\/\/youtu.be\/OzjTiMFzkmM\t\t<\/p>\n<h2>SEPARATOR SINK SURF  <\/h2>\n<h2>For cuspidors and dedicated sinks <\/h2>\n<figure><img width=\"1614\" height=\"2049\" src=\"https:\/\/www.separatoryamalgamatu.com.pl\/wp-content\/uploads\/2018\/07\/zd1.jpg\" alt=\"separator amalgamatu sedymentacyjno-filtracyjny, pod zlew\" loading=\"lazy\" srcset=\"https:\/\/www.separatoryamalgamatu.com.pl\/wp-content\/uploads\/2018\/07\/zd1.jpg 1614w, https:\/\/www.separatoryamalgamatu.com.pl\/wp-content\/uploads\/2018\/07\/zd1-236x300.jpg 236w, https:\/\/www.separatoryamalgamatu.com.pl\/wp-content\/uploads\/2018\/07\/zd1-768x975.jpg 768w, https:\/\/www.separatoryamalgamatu.com.pl\/wp-content\/uploads\/2018\/07\/zd1-807x1024.jpg 807w, https:\/\/www.separatoryamalgamatu.com.pl\/wp-content\/uploads\/2018\/07\/zd1-600x762.jpg 600w\" sizes=\"(max-width: 1614px) 100vw, 1614px\"><\/figure>\n<p style=\"text-align: center;\">It can be mounted for cuspidors and dedicated sinks (where mobile aspirators are emptied). <\/p>\n<p style=\"text-align: center;\">Amalgam separation at the level of <strong>98,4%<\/strong>.<\/p>\n<p style=\"text-align: center;\">Specification:<\/p>\n<ul style=\"text-align: center;\">\n<li>TUV tested, complies to ISO11143(2020)<\/li>\n<li>Not electrical (no power required)<\/li>\n<li>No running costs<\/li>\n<li>No maintenance<\/li>\n<li>No servicing<\/li>\n<li>No hidden costs<\/li>\n<li>Installation cost 100 Euros (average) or fit it yourself<\/li>\n<li>Silent operation<\/li>\n<li>2 year parts warranty<\/li>\n<li>100% recyclable<\/li>\n<li>No rotors\/collector cups or buffers<\/li>\n<li>Easy fit<\/li>\n<li>Small and compact<\/li>\n<li>Height &#8211;&nbsp;29cm &#8211; 8 \u00bd inch<\/li>\n<li>Diameter &#8211;&nbsp;25cm (10 inch)<\/li>\n<li style=\"text-align: center;\">Supplied with:<\/li>\n<li>2 metres of hose<\/li>\n<li>2 x 1 \u00bc inch universal waste pipe connectors<\/li>\n<li>4 hose clips<\/li>\n<li>2 adaptors (hose to universal waste fitting<\/li>\n<\/ul>\n<p style=\"text-align: center;\">\n<\/p><h1>Price 377 euro<\/h1>\n<p>\t\t\t\t\t\tAmalgam separators for several dental units<br>\n\t\t\t\tFamiliarize yourself with the offer of our separators<br>\n\t\t\t\t\t\t\t\t\t100%<\/p>\n<h2>SEPARATOR SIZE 2\/W2<\/h2>\n<h2>Designed for use on a multiple surgery<\/h2>\n<figure><img width=\"4452\" height=\"3338\" src=\"https:\/\/www.separatoryamalgamatu.com.pl\/wp-content\/uploads\/2018\/06\/PRIMA-2.jpg\" alt=\"separator amalgamatu sedymentacyjno-filtracyjny, Size 2\" loading=\"lazy\" srcset=\"https:\/\/www.separatoryamalgamatu.com.pl\/wp-content\/uploads\/2018\/06\/PRIMA-2.jpg 4452w, https:\/\/www.separatoryamalgamatu.com.pl\/wp-content\/uploads\/2018\/06\/PRIMA-2-300x225.jpg 300w, https:\/\/www.separatoryamalgamatu.com.pl\/wp-content\/uploads\/2018\/06\/PRIMA-2-768x576.jpg 768w, https:\/\/www.separatoryamalgamatu.com.pl\/wp-content\/uploads\/2018\/06\/PRIMA-2-1024x768.jpg 1024w, https:\/\/www.separatoryamalgamatu.com.pl\/wp-content\/uploads\/2018\/06\/PRIMA-2-285x214.jpg 285w, https:\/\/www.separatoryamalgamatu.com.pl\/wp-content\/uploads\/2018\/06\/PRIMA-2-600x450.jpg 600w\" sizes=\"(max-width: 4452px) 100vw, 4452px\"><\/figure>\n<p style=\"text-align: center;\">Amalgam separator for work with wet pumps and dry pumps.<\/p>\n<p style=\"text-align: center;\">It can be mounted on the following pumps:<\/p>\n<p style=\"text-align: center;\"><strong>Wet pumps: for example &#8211; Durr (eg VS600, VS900, VS900S, VS1200S), Cattani (eg Turbo Jet 2, Turbo Smart) or any other similar pumps<br><\/strong><\/p>\n<p style=\"text-align: center;\"><strong>Dry pumps: for example &#8211; Durr (eg V600, V900, V1200), Dental Ez CV-101, CV102 or any other similar pumps<br><\/strong><\/p>\n<p style=\"text-align: center;\">Performance &#8211; 2 and more dental units.<\/p>\n<p style=\"text-align: center;\">Amalgam separation at <strong>98.4%<\/strong>. <\/p>\n<ul>\n<li style=\"text-align: center;\">TUV tested, ISO 11143 approved<\/li>\n<li style=\"text-align: center;\">2 year parts warranty<\/li>\n<li style=\"text-align: center;\">This is Europe&#8217;s most cost effective Amalgam Separator<\/li>\n<li style=\"text-align: center;\">Not electrical (no power required)<\/li>\n<li style=\"text-align: center;\">No running costs<\/li>\n<li style=\"text-align: center;\">No maintenance<\/li>\n<li style=\"text-align: center;\">No servicing<\/li>\n<li style=\"text-align: center;\">No hidden costs<\/li>\n<li style=\"text-align: center;\">Installation cost 100 Euros (average)<\/li>\n<li style=\"text-align: center;\">Silent operation<\/li>\n<li style=\"text-align: center;\">100% recyclable<\/li>\n<li style=\"text-align: center;\">Fits all dry and wet line suction pumps<\/li>\n<li style=\"text-align: center;\">No rotors\/collector cups<\/li>\n<li style=\"text-align: center;\">Easy fit, alternatively, we can install it (fee applies)<\/li>\n<li style=\"text-align: center;\">Small and compact<\/li>\n<li style=\"text-align: center;\">Height &#8211;&nbsp;44cm (18 inch)<\/li>\n<li style=\"text-align: center;\">Diameter &#8211;&nbsp;25cm (10 inch)<\/li>\n<li style=\"text-align: center;\">To save space, this can be installed into a standard 60cm high cabinet beneath your separator<\/li>\n<li style=\"text-align: center;\">Supplied with:<\/li>\n<li style=\"text-align: center;\">2 metres of hose<\/li>\n<li style=\"text-align: center;\">2 x 1 \u00bc inch universal waste pipe connectors<\/li>\n<li style=\"text-align: center;\">4 hose clips<\/li>\n<li style=\"text-align: center;\">2 adaptors (hose to universal waste fitting)<\/li>\n<\/ul>\n<p style=\"text-align: center;\">\n<\/p><h1>Price 499 euro<\/h1>\n<h2>SEPARATOR FILTERMAX\/W2 with sensor<\/h2>\n<figure><img width=\"4277\" height=\"3208\" src=\"https:\/\/www.separatoryamalgamatu.com.pl\/wp-content\/uploads\/2018\/07\/SD3A5707_1.jpg\" alt=\"separator Filter max z czujnikiem\" loading=\"lazy\" srcset=\"https:\/\/www.separatoryamalgamatu.com.pl\/wp-content\/uploads\/2018\/07\/SD3A5707_1.jpg 4277w, https:\/\/www.separatoryamalgamatu.com.pl\/wp-content\/uploads\/2018\/07\/SD3A5707_1-300x225.jpg 300w, https:\/\/www.separatoryamalgamatu.com.pl\/wp-content\/uploads\/2018\/07\/SD3A5707_1-768x576.jpg 768w, https:\/\/www.separatoryamalgamatu.com.pl\/wp-content\/uploads\/2018\/07\/SD3A5707_1-1024x768.jpg 1024w, https:\/\/www.separatoryamalgamatu.com.pl\/wp-content\/uploads\/2018\/07\/SD3A5707_1-50x38.jpg 50w, https:\/\/www.separatoryamalgamatu.com.pl\/wp-content\/uploads\/2018\/07\/SD3A5707_1-285x214.jpg 285w, https:\/\/www.separatoryamalgamatu.com.pl\/wp-content\/uploads\/2018\/07\/SD3A5707_1-600x450.jpg 600w\" sizes=\"(max-width: 4277px) 100vw, 4277px\"><\/figure>\n<p style=\"text-align: center;\">Amalgam separator for work with wet pumps and dry pumps.<\/p>\n<p style=\"text-align: center;\"><strong>Additionally equipped with an electronic sensor, which informs about the level of filling the container. Equipped with a diode indicator (battery), which informs about the need to recycle.<\/strong><\/p>\n<p style=\"text-align: center;\">It can be mounted on the following pumps:<\/p>\n<p style=\"text-align: center;\"><strong>Wet pumps: for example &#8211; Durr (eg VS600, VS900, VS900S, VS1200S), Cattani (eg Turbo Jet 2, Turbo Smart) or any other similar pumps<br><\/strong><\/p>\n<p style=\"text-align: center;\"><strong>Dry pumps: for example &#8211; Durr (eg V600, V900, V1200), Dental Ez CV-101, CV102 or any other similar pumps<br><\/strong><\/p>\n<p style=\"text-align: center;\">Performance &#8211; 2 and more dental units.<\/p>\n<p style=\"text-align: center;\">Amalgam separation at <strong>98.4%<\/strong>. <\/p>\n<ul>\n<li style=\"text-align: center;\">TUV tested, ISO 11143 approved<\/li>\n<li style=\"text-align: center;\">2 year parts warranty<\/li>\n<li style=\"text-align: center;\">This is Europe&#8217;s most cost effective Amalgam Separator<\/li>\n<li style=\"text-align: center;\">Not electrical (no power required)<\/li>\n<li style=\"text-align: center;\">No running costs<\/li>\n<li style=\"text-align: center;\">No maintenance<\/li>\n<li style=\"text-align: center;\">No servicing<\/li>\n<li style=\"text-align: center;\">No hidden costs<\/li>\n<li style=\"text-align: center;\">Installation cost 100 Euros (average)<\/li>\n<li style=\"text-align: center;\">Silent operation<\/li>\n<li style=\"text-align: center;\">100% recyclable<\/li>\n<li style=\"text-align: center;\">Fits all dry and wet line suction pumps<\/li>\n<li style=\"text-align: center;\">No rotors\/collector cups<\/li>\n<li style=\"text-align: center;\">Easy fit, alternatively, we can install it (fee applies)<\/li>\n<li style=\"text-align: center;\">Small and compact<\/li>\n<li style=\"text-align: center;\">Height &#8211;&nbsp;44cm (18 inch)<\/li>\n<li style=\"text-align: center;\">Diameter &#8211;&nbsp;25cm (10 inch)<\/li>\n<li style=\"text-align: center;\">To save space, this can be installed into a standard 60cm high cabinet beneath your separator<\/li>\n<li style=\"text-align: center;\">Supplied with:<\/li>\n<li style=\"text-align: center;\">2 metres of hose<\/li>\n<li style=\"text-align: center;\">2 x 1 \u00bc inch universal waste pipe connectors<\/li>\n<li style=\"text-align: center;\">4 hose clips<\/li>\n<li style=\"text-align: center;\">2 adaptors (hose to universal waste fitting)<\/li>\n<\/ul>\n<h1>Price 699 euro<\/h1>\t\t\t\t\t<\/div>\n\t\t\t\t\t\t<\/div>\n\t\t\t\t<\/div>\n\t\t\t\t\t\t<\/div>\n\t\t\t\t\t<\/div>\n\t\t<\/div>\n\t\t\t\t\t\t\t\t<\/div>\n\t\t\t\t\t<\/div>\n\t\t<\/section>\n\t\t\t\t\t\t<\/div>\n\t\t\t\t\t\t<\/div>\n\t\t\t\t\t<\/div>\n\t\t","protected":false},"excerpt":{"rendered":"<p>Amalgam separators for pumps Amalgam separator for 1 dental unit SEPARATOR SIZE 1 SURF It is designed for use a single surgery. It can be mounted on the following pumps for example:Durr all VS suction pumps (eg Durr VS300S)Cattani all suction pumps (eg Cattani Turbo Jet 1)Metasys suction pumps or any other similar pumps Amalgam<a href=\"https:\/\/www.separatoryamalgamatu.com.pl\/en\/i-type-of-sedimentation-and-filtration-separators-2\/\">[&#8230;]<\/a><\/p>\n","protected":false},"author":1,"featured_media":485,"parent":0,"menu_order":0,"comment_status":"closed","ping_status":"closed","template":"elementor_header_footer","meta":[],"wppr_data":{"cwp_meta_box_check":"No"},"yoast_head":"<!-- This site is optimized with the Yoast SEO plugin v17.4 - https:\/\/yoast.com\/wordpress\/plugins\/seo\/ -->\n<title>Separatory amalgamatu - Amalgam separators for pumps and mobile aspirators<\/title>\n<meta name=\"description\" content=\"Separatory amalgamatu sedymentacyjno-filtracyjne do pracy z pomp\u0105 mokr\u0105 i pomp\u0105 such\u0105, do tzw. &quot;system\u00f3w mobilnych&quot;, dedykowane do 1 lub kilku stanowisk.\" \/>\n<meta name=\"robots\" content=\"index, follow, max-snippet:-1, max-image-preview:large, max-video-preview:-1\" \/>\n<link rel=\"canonical\" href=\"https:\/\/www.separatoryamalgamatu.com.pl\/en\/i-type-of-sedimentation-and-filtration-separators-2\/\" \/>\n<meta property=\"og:locale\" content=\"en_US\" \/>\n<meta property=\"og:type\" content=\"article\" \/>\n<meta property=\"og:title\" content=\"Separatory amalgamatu - Amalgam separators for pumps and mobile aspirators\" \/>\n<meta property=\"og:description\" content=\"Separatory amalgamatu sedymentacyjno-filtracyjne do pracy z pomp\u0105 mokr\u0105 i pomp\u0105 such\u0105, do tzw. &quot;system\u00f3w mobilnych&quot;, dedykowane do 1 lub kilku stanowisk.\" \/>\n<meta property=\"og:url\" content=\"https:\/\/www.separatoryamalgamatu.com.pl\/en\/i-type-of-sedimentation-and-filtration-separators-2\/\" \/>\n<meta property=\"og:site_name\" content=\"Separatory amalgamatu\" \/>\n<meta property=\"article:modified_time\" content=\"2026-03-02T18:36:33+00:00\" \/>\n<meta property=\"og:image\" content=\"https:\/\/www.separatoryamalgamatu.com.pl\/wp-content\/uploads\/2018\/06\/SD3A9826-1.jpg\" \/>\n\t<meta property=\"og:image:width\" content=\"4616\" \/>\n\t<meta property=\"og:image:height\" content=\"3462\" \/>\n<meta name=\"twitter:card\" content=\"summary_large_image\" \/>\n<meta name=\"twitter:label1\" content=\"Est. reading time\" \/>\n\t<meta name=\"twitter:data1\" content=\"4 minutes\" \/>\n<script type=\"application\/ld+json\" class=\"yoast-schema-graph\">{\"@context\":\"https:\/\/schema.org\",\"@graph\":[{\"@type\":\"Organization\",\"@id\":\"https:\/\/www.separatoryamalgamatu.com.pl\/#organization\",\"name\":\"separatory amalgamatu\",\"url\":\"https:\/\/www.separatoryamalgamatu.com.pl\/\",\"sameAs\":[\"https:\/\/www.instagram.com\/separatoryamalgamatu\/?hl=pl\"],\"logo\":{\"@type\":\"ImageObject\",\"@id\":\"https:\/\/www.separatoryamalgamatu.com.pl\/#logo\",\"inLanguage\":\"en-US\",\"url\":\"https:\/\/www.separatoryamalgamatu.com.pl\/wp-content\/uploads\/2018\/06\/Logo.png\",\"contentUrl\":\"https:\/\/www.separatoryamalgamatu.com.pl\/wp-content\/uploads\/2018\/06\/Logo.png\",\"width\":500,\"height\":500,\"caption\":\"separatory amalgamatu\"},\"image\":{\"@id\":\"https:\/\/www.separatoryamalgamatu.com.pl\/#logo\"}},{\"@type\":\"WebSite\",\"@id\":\"https:\/\/www.separatoryamalgamatu.com.pl\/#website\",\"url\":\"https:\/\/www.separatoryamalgamatu.com.pl\/\",\"name\":\"Separatory amalgamatu\",\"description\":\"Separatory amalgamatu do Twojego gabinetu.\",\"publisher\":{\"@id\":\"https:\/\/www.separatoryamalgamatu.com.pl\/#organization\"},\"potentialAction\":[{\"@type\":\"SearchAction\",\"target\":{\"@type\":\"EntryPoint\",\"urlTemplate\":\"https:\/\/www.separatoryamalgamatu.com.pl\/?s={search_term_string}\"},\"query-input\":\"required name=search_term_string\"}],\"inLanguage\":\"en-US\"},{\"@type\":\"ImageObject\",\"@id\":\"https:\/\/www.separatoryamalgamatu.com.pl\/en\/i-type-of-sedimentation-and-filtration-separators-2\/#primaryimage\",\"inLanguage\":\"en-US\",\"url\":\"https:\/\/www.separatoryamalgamatu.com.pl\/wp-content\/uploads\/2018\/06\/SD3A9826-1.jpg\",\"contentUrl\":\"https:\/\/www.separatoryamalgamatu.com.pl\/wp-content\/uploads\/2018\/06\/SD3A9826-1.jpg\",\"width\":4616,\"height\":3462,\"caption\":\"separator amalgamatu sedymentacyjno-filtracyjny, Size 1\"},{\"@type\":\"WebPage\",\"@id\":\"https:\/\/www.separatoryamalgamatu.com.pl\/en\/i-type-of-sedimentation-and-filtration-separators-2\/#webpage\",\"url\":\"https:\/\/www.separatoryamalgamatu.com.pl\/en\/i-type-of-sedimentation-and-filtration-separators-2\/\",\"name\":\"Separatory amalgamatu - Amalgam separators for pumps and mobile aspirators\",\"isPartOf\":{\"@id\":\"https:\/\/www.separatoryamalgamatu.com.pl\/#website\"},\"primaryImageOfPage\":{\"@id\":\"https:\/\/www.separatoryamalgamatu.com.pl\/en\/i-type-of-sedimentation-and-filtration-separators-2\/#primaryimage\"},\"datePublished\":\"2018-10-16T05:31:49+00:00\",\"dateModified\":\"2026-03-02T18:36:33+00:00\",\"description\":\"Separatory amalgamatu sedymentacyjno-filtracyjne do pracy z pomp\\u0105 mokr\\u0105 i pomp\\u0105 such\\u0105, do tzw. \\\"system\\u00f3w mobilnych\\\", dedykowane do 1 lub kilku stanowisk.\",\"breadcrumb\":{\"@id\":\"https:\/\/www.separatoryamalgamatu.com.pl\/en\/i-type-of-sedimentation-and-filtration-separators-2\/#breadcrumb\"},\"inLanguage\":\"en-US\",\"potentialAction\":[{\"@type\":\"ReadAction\",\"target\":[\"https:\/\/www.separatoryamalgamatu.com.pl\/en\/i-type-of-sedimentation-and-filtration-separators-2\/\"]}]},{\"@type\":\"BreadcrumbList\",\"@id\":\"https:\/\/www.separatoryamalgamatu.com.pl\/en\/i-type-of-sedimentation-and-filtration-separators-2\/#breadcrumb\",\"itemListElement\":[{\"@type\":\"ListItem\",\"position\":1,\"name\":\"Strona g\\u0142\\u00f3wna\",\"item\":\"https:\/\/www.separatoryamalgamatu.com.pl\/\"},{\"@type\":\"ListItem\",\"position\":2,\"name\":\"Amalgam separators for pumps and mobile aspirators\"}]}]}<\/script>\n<!-- \/ Yoast SEO plugin. -->","yoast_head_json":{"title":"Separatory amalgamatu - Amalgam separators for pumps and mobile aspirators","description":"Separatory amalgamatu sedymentacyjno-filtracyjne do pracy z pomp\u0105 mokr\u0105 i pomp\u0105 such\u0105, do tzw. \"system\u00f3w mobilnych\", dedykowane do 1 lub kilku stanowisk.","robots":{"index":"index","follow":"follow","max-snippet":"max-snippet:-1","max-image-preview":"max-image-preview:large","max-video-preview":"max-video-preview:-1"},"canonical":"https:\/\/www.separatoryamalgamatu.com.pl\/en\/i-type-of-sedimentation-and-filtration-separators-2\/","og_locale":"en_US","og_type":"article","og_title":"Separatory amalgamatu - Amalgam separators for pumps and mobile aspirators","og_description":"Separatory amalgamatu sedymentacyjno-filtracyjne do pracy z pomp\u0105 mokr\u0105 i pomp\u0105 such\u0105, do tzw. \"system\u00f3w mobilnych\", dedykowane do 1 lub kilku stanowisk.","og_url":"https:\/\/www.separatoryamalgamatu.com.pl\/en\/i-type-of-sedimentation-and-filtration-separators-2\/","og_site_name":"Separatory amalgamatu","article_modified_time":"2026-03-02T18:36:33+00:00","og_image":[{"width":4616,"height":3462,"url":"https:\/\/www.separatoryamalgamatu.com.pl\/wp-content\/uploads\/2018\/06\/SD3A9826-1.jpg","type":"image\/jpeg"}],"twitter_card":"summary_large_image","twitter_misc":{"Est. reading time":"4 minutes"},"schema":{"@context":"https:\/\/schema.org","@graph":[{"@type":"Organization","@id":"https:\/\/www.separatoryamalgamatu.com.pl\/#organization","name":"separatory amalgamatu","url":"https:\/\/www.separatoryamalgamatu.com.pl\/","sameAs":["https:\/\/www.instagram.com\/separatoryamalgamatu\/?hl=pl"],"logo":{"@type":"ImageObject","@id":"https:\/\/www.separatoryamalgamatu.com.pl\/#logo","inLanguage":"en-US","url":"https:\/\/www.separatoryamalgamatu.com.pl\/wp-content\/uploads\/2018\/06\/Logo.png","contentUrl":"https:\/\/www.separatoryamalgamatu.com.pl\/wp-content\/uploads\/2018\/06\/Logo.png","width":500,"height":500,"caption":"separatory amalgamatu"},"image":{"@id":"https:\/\/www.separatoryamalgamatu.com.pl\/#logo"}},{"@type":"WebSite","@id":"https:\/\/www.separatoryamalgamatu.com.pl\/#website","url":"https:\/\/www.separatoryamalgamatu.com.pl\/","name":"Separatory amalgamatu","description":"Separatory amalgamatu do Twojego gabinetu.","publisher":{"@id":"https:\/\/www.separatoryamalgamatu.com.pl\/#organization"},"potentialAction":[{"@type":"SearchAction","target":{"@type":"EntryPoint","urlTemplate":"https:\/\/www.separatoryamalgamatu.com.pl\/?s={search_term_string}"},"query-input":"required name=search_term_string"}],"inLanguage":"en-US"},{"@type":"ImageObject","@id":"https:\/\/www.separatoryamalgamatu.com.pl\/en\/i-type-of-sedimentation-and-filtration-separators-2\/#primaryimage","inLanguage":"en-US","url":"https:\/\/www.separatoryamalgamatu.com.pl\/wp-content\/uploads\/2018\/06\/SD3A9826-1.jpg","contentUrl":"https:\/\/www.separatoryamalgamatu.com.pl\/wp-content\/uploads\/2018\/06\/SD3A9826-1.jpg","width":4616,"height":3462,"caption":"separator amalgamatu sedymentacyjno-filtracyjny, Size 1"},{"@type":"WebPage","@id":"https:\/\/www.separatoryamalgamatu.com.pl\/en\/i-type-of-sedimentation-and-filtration-separators-2\/#webpage","url":"https:\/\/www.separatoryamalgamatu.com.pl\/en\/i-type-of-sedimentation-and-filtration-separators-2\/","name":"Separatory amalgamatu - Amalgam separators for pumps and mobile aspirators","isPartOf":{"@id":"https:\/\/www.separatoryamalgamatu.com.pl\/#website"},"primaryImageOfPage":{"@id":"https:\/\/www.separatoryamalgamatu.com.pl\/en\/i-type-of-sedimentation-and-filtration-separators-2\/#primaryimage"},"datePublished":"2018-10-16T05:31:49+00:00","dateModified":"2026-03-02T18:36:33+00:00","description":"Separatory amalgamatu sedymentacyjno-filtracyjne do pracy z pomp\u0105 mokr\u0105 i pomp\u0105 such\u0105, do tzw. \"system\u00f3w mobilnych\", dedykowane do 1 lub kilku stanowisk.","breadcrumb":{"@id":"https:\/\/www.separatoryamalgamatu.com.pl\/en\/i-type-of-sedimentation-and-filtration-separators-2\/#breadcrumb"},"inLanguage":"en-US","potentialAction":[{"@type":"ReadAction","target":["https:\/\/www.separatoryamalgamatu.com.pl\/en\/i-type-of-sedimentation-and-filtration-separators-2\/"]}]},{"@type":"BreadcrumbList","@id":"https:\/\/www.separatoryamalgamatu.com.pl\/en\/i-type-of-sedimentation-and-filtration-separators-2\/#breadcrumb","itemListElement":[{"@type":"ListItem","position":1,"name":"Strona g\u0142\u00f3wna","item":"https:\/\/www.separatoryamalgamatu.com.pl\/"},{"@type":"ListItem","position":2,"name":"Amalgam separators for pumps and mobile aspirators"}]}]}},"_links":{"self":[{"href":"https:\/\/www.separatoryamalgamatu.com.pl\/en\/wp-json\/wp\/v2\/pages\/1527"}],"collection":[{"href":"https:\/\/www.separatoryamalgamatu.com.pl\/en\/wp-json\/wp\/v2\/pages"}],"about":[{"href":"https:\/\/www.separatoryamalgamatu.com.pl\/en\/wp-json\/wp\/v2\/types\/page"}],"author":[{"embeddable":true,"href":"https:\/\/www.separatoryamalgamatu.com.pl\/en\/wp-json\/wp\/v2\/users\/1"}],"replies":[{"embeddable":true,"href":"https:\/\/www.separatoryamalgamatu.com.pl\/en\/wp-json\/wp\/v2\/comments?post=1527"}],"version-history":[{"count":74,"href":"https:\/\/www.separatoryamalgamatu.com.pl\/en\/wp-json\/wp\/v2\/pages\/1527\/revisions"}],"predecessor-version":[{"id":2578,"href":"https:\/\/www.separatoryamalgamatu.com.pl\/en\/wp-json\/wp\/v2\/pages\/1527\/revisions\/2578"}],"wp:featuredmedia":[{"embeddable":true,"href":"https:\/\/www.separatoryamalgamatu.com.pl\/en\/wp-json\/wp\/v2\/media\/485"}],"wp:attachment":[{"href":"https:\/\/www.separatoryamalgamatu.com.pl\/en\/wp-json\/wp\/v2\/media?parent=1527"}],"curies":[{"name":"wp","href":"https:\/\/api.w.org\/{rel}","templated":true}]}}