{"id":1545,"date":"2018-10-16T08:27:02","date_gmt":"2018-10-16T06:27:02","guid":{"rendered":"https:\/\/www.separatoryamalgamatu.com.pl\/?page_id=1545"},"modified":"2018-10-24T17:12:53","modified_gmt":"2018-10-24T15:12:53","slug":"scientific-articles","status":"publish","type":"page","link":"https:\/\/www.separatoryamalgamatu.com.pl\/en\/scientific-articles\/","title":{"rendered":"Scientific articles"},"content":{"rendered":"<p><span id=\"result_box\" class=\"\" lang=\"en\"><span class=\"\">Scientific articles<\/span><br \/>\n<span class=\"\">The most important information about the regulation and amalgam<\/span><\/span><\/p>\n<p><img loading=\"lazy\" class=\"alignnone size-full wp-image-1546\" src=\"https:\/\/www.separatoryamalgamatu.com.pl\/wp-content\/uploads\/2018\/10\/zab1.jpg\" alt=\"\" width=\"140\" height=\"185\" srcset=\"https:\/\/www.separatoryamalgamatu.com.pl\/wp-content\/uploads\/2018\/10\/zab1.jpg 140w, https:\/\/www.separatoryamalgamatu.com.pl\/wp-content\/uploads\/2018\/10\/zab1-38x50.jpg 38w\" sizes=\"(max-width: 140px) 100vw, 140px\" \/> <a href=\"https:\/\/www.separatoryamalgamatu.com.pl\/en\/legal-acts\/\">Legal acts<\/a><\/p>\n<p>&nbsp;<\/p>\n<p><img loading=\"lazy\" class=\"alignnone size-full wp-image-1546\" src=\"https:\/\/www.separatoryamalgamatu.com.pl\/wp-content\/uploads\/2018\/10\/zab1.jpg\" alt=\"\" width=\"140\" height=\"185\" srcset=\"https:\/\/www.separatoryamalgamatu.com.pl\/wp-content\/uploads\/2018\/10\/zab1.jpg 140w, https:\/\/www.separatoryamalgamatu.com.pl\/wp-content\/uploads\/2018\/10\/zab1-38x50.jpg 38w\" sizes=\"(max-width: 140px) 100vw, 140px\" \/><a href=\"https:\/\/www.separatoryamalgamatu.com.pl\/en\/mercury-and-amalgam\/\"><span id=\"result_box\" class=\"short_text\" lang=\"en\"><span class=\"\"> Mercury and amalgam<\/span><\/span><\/a><\/p>\n","protected":false},"excerpt":{"rendered":"<p>Scientific articles The most important information about the regulation and amalgam Legal acts &nbsp; Mercury and amalgam<\/p>\n","protected":false},"author":1,"featured_media":0,"parent":0,"menu_order":0,"comment_status":"closed","ping_status":"closed","template":"template-fullwidth.php","meta":[],"wppr_data":{"cwp_meta_box_check":"No"},"yoast_head":"<!-- This site is optimized with the Yoast SEO plugin v17.4 - https:\/\/yoast.com\/wordpress\/plugins\/seo\/ -->\n<title>Rozporz\u0105dzenie w sprawie rt\u0119ci, amalgamatu stomatologicznego<\/title>\n<meta name=\"description\" content=\"Artyku\u0142y naukowe zawieraj\u0105ce informacje nt. rozporz\u0105dzenia w sprawie rt\u0119ci, amalgamatu stomatologicznego dost\u0119pne na naszej stronie. Zapoznaj si\u0119 z nimi.\" \/>\n<meta name=\"robots\" content=\"index, follow, max-snippet:-1, max-image-preview:large, max-video-preview:-1\" \/>\n<link rel=\"canonical\" href=\"https:\/\/www.separatoryamalgamatu.com.pl\/en\/scientific-articles\/\" \/>\n<meta property=\"og:locale\" content=\"en_US\" \/>\n<meta property=\"og:type\" content=\"article\" \/>\n<meta property=\"og:title\" content=\"Rozporz\u0105dzenie w sprawie rt\u0119ci, amalgamatu stomatologicznego\" \/>\n<meta property=\"og:description\" content=\"Artyku\u0142y naukowe zawieraj\u0105ce informacje nt. rozporz\u0105dzenia w sprawie rt\u0119ci, amalgamatu stomatologicznego dost\u0119pne na naszej stronie. Zapoznaj si\u0119 z nimi.\" \/>\n<meta property=\"og:url\" content=\"https:\/\/www.separatoryamalgamatu.com.pl\/en\/scientific-articles\/\" \/>\n<meta property=\"og:site_name\" content=\"Separatory amalgamatu\" \/>\n<meta property=\"article:modified_time\" content=\"2018-10-24T15:12:53+00:00\" \/>\n<meta property=\"og:image\" content=\"https:\/\/www.separatoryamalgamatu.com.pl\/wp-content\/uploads\/2018\/10\/zab1.jpg\" \/>\n<meta name=\"twitter:card\" content=\"summary_large_image\" \/>\n<script type=\"application\/ld+json\" class=\"yoast-schema-graph\">{\"@context\":\"https:\/\/schema.org\",\"@graph\":[{\"@type\":\"Organization\",\"@id\":\"https:\/\/www.separatoryamalgamatu.com.pl\/#organization\",\"name\":\"separatory amalgamatu\",\"url\":\"https:\/\/www.separatoryamalgamatu.com.pl\/\",\"sameAs\":[\"https:\/\/www.instagram.com\/separatoryamalgamatu\/?hl=pl\"],\"logo\":{\"@type\":\"ImageObject\",\"@id\":\"https:\/\/www.separatoryamalgamatu.com.pl\/#logo\",\"inLanguage\":\"en-US\",\"url\":\"https:\/\/www.separatoryamalgamatu.com.pl\/wp-content\/uploads\/2018\/06\/Logo.png\",\"contentUrl\":\"https:\/\/www.separatoryamalgamatu.com.pl\/wp-content\/uploads\/2018\/06\/Logo.png\",\"width\":500,\"height\":500,\"caption\":\"separatory amalgamatu\"},\"image\":{\"@id\":\"https:\/\/www.separatoryamalgamatu.com.pl\/#logo\"}},{\"@type\":\"WebSite\",\"@id\":\"https:\/\/www.separatoryamalgamatu.com.pl\/#website\",\"url\":\"https:\/\/www.separatoryamalgamatu.com.pl\/\",\"name\":\"Separatory amalgamatu\",\"description\":\"Separatory amalgamatu do Twojego gabinetu.\",\"publisher\":{\"@id\":\"https:\/\/www.separatoryamalgamatu.com.pl\/#organization\"},\"potentialAction\":[{\"@type\":\"SearchAction\",\"target\":{\"@type\":\"EntryPoint\",\"urlTemplate\":\"https:\/\/www.separatoryamalgamatu.com.pl\/?s={search_term_string}\"},\"query-input\":\"required name=search_term_string\"}],\"inLanguage\":\"en-US\"},{\"@type\":\"ImageObject\",\"@id\":\"https:\/\/www.separatoryamalgamatu.com.pl\/en\/scientific-articles\/#primaryimage\",\"inLanguage\":\"en-US\",\"url\":\"https:\/\/www.separatoryamalgamatu.com.pl\/wp-content\/uploads\/2018\/10\/zab1.jpg\",\"contentUrl\":\"https:\/\/www.separatoryamalgamatu.com.pl\/wp-content\/uploads\/2018\/10\/zab1.jpg\",\"width\":140,\"height\":185},{\"@type\":\"WebPage\",\"@id\":\"https:\/\/www.separatoryamalgamatu.com.pl\/en\/scientific-articles\/#webpage\",\"url\":\"https:\/\/www.separatoryamalgamatu.com.pl\/en\/scientific-articles\/\",\"name\":\"Rozporz\\u0105dzenie w sprawie rt\\u0119ci, amalgamatu stomatologicznego\",\"isPartOf\":{\"@id\":\"https:\/\/www.separatoryamalgamatu.com.pl\/#website\"},\"primaryImageOfPage\":{\"@id\":\"https:\/\/www.separatoryamalgamatu.com.pl\/en\/scientific-articles\/#primaryimage\"},\"datePublished\":\"2018-10-16T06:27:02+00:00\",\"dateModified\":\"2018-10-24T15:12:53+00:00\",\"description\":\"Artyku\\u0142y naukowe zawieraj\\u0105ce informacje nt. rozporz\\u0105dzenia w sprawie rt\\u0119ci, amalgamatu stomatologicznego dost\\u0119pne na naszej stronie. Zapoznaj si\\u0119 z nimi.\",\"breadcrumb\":{\"@id\":\"https:\/\/www.separatoryamalgamatu.com.pl\/en\/scientific-articles\/#breadcrumb\"},\"inLanguage\":\"en-US\",\"potentialAction\":[{\"@type\":\"ReadAction\",\"target\":[\"https:\/\/www.separatoryamalgamatu.com.pl\/en\/scientific-articles\/\"]}]},{\"@type\":\"BreadcrumbList\",\"@id\":\"https:\/\/www.separatoryamalgamatu.com.pl\/en\/scientific-articles\/#breadcrumb\",\"itemListElement\":[{\"@type\":\"ListItem\",\"position\":1,\"name\":\"Strona g\\u0142\\u00f3wna\",\"item\":\"https:\/\/www.separatoryamalgamatu.com.pl\/\"},{\"@type\":\"ListItem\",\"position\":2,\"name\":\"Scientific articles\"}]}]}<\/script>\n<!-- \/ Yoast SEO plugin. -->","yoast_head_json":{"title":"Rozporz\u0105dzenie w sprawie rt\u0119ci, amalgamatu stomatologicznego","description":"Artyku\u0142y naukowe zawieraj\u0105ce informacje nt. rozporz\u0105dzenia w sprawie rt\u0119ci, amalgamatu stomatologicznego dost\u0119pne na naszej stronie. Zapoznaj si\u0119 z nimi.","robots":{"index":"index","follow":"follow","max-snippet":"max-snippet:-1","max-image-preview":"max-image-preview:large","max-video-preview":"max-video-preview:-1"},"canonical":"https:\/\/www.separatoryamalgamatu.com.pl\/en\/scientific-articles\/","og_locale":"en_US","og_type":"article","og_title":"Rozporz\u0105dzenie w sprawie rt\u0119ci, amalgamatu stomatologicznego","og_description":"Artyku\u0142y naukowe zawieraj\u0105ce informacje nt. rozporz\u0105dzenia w sprawie rt\u0119ci, amalgamatu stomatologicznego dost\u0119pne na naszej stronie. Zapoznaj si\u0119 z nimi.","og_url":"https:\/\/www.separatoryamalgamatu.com.pl\/en\/scientific-articles\/","og_site_name":"Separatory amalgamatu","article_modified_time":"2018-10-24T15:12:53+00:00","og_image":[{"url":"https:\/\/www.separatoryamalgamatu.com.pl\/wp-content\/uploads\/2018\/10\/zab1.jpg"}],"twitter_card":"summary_large_image","schema":{"@context":"https:\/\/schema.org","@graph":[{"@type":"Organization","@id":"https:\/\/www.separatoryamalgamatu.com.pl\/#organization","name":"separatory amalgamatu","url":"https:\/\/www.separatoryamalgamatu.com.pl\/","sameAs":["https:\/\/www.instagram.com\/separatoryamalgamatu\/?hl=pl"],"logo":{"@type":"ImageObject","@id":"https:\/\/www.separatoryamalgamatu.com.pl\/#logo","inLanguage":"en-US","url":"https:\/\/www.separatoryamalgamatu.com.pl\/wp-content\/uploads\/2018\/06\/Logo.png","contentUrl":"https:\/\/www.separatoryamalgamatu.com.pl\/wp-content\/uploads\/2018\/06\/Logo.png","width":500,"height":500,"caption":"separatory amalgamatu"},"image":{"@id":"https:\/\/www.separatoryamalgamatu.com.pl\/#logo"}},{"@type":"WebSite","@id":"https:\/\/www.separatoryamalgamatu.com.pl\/#website","url":"https:\/\/www.separatoryamalgamatu.com.pl\/","name":"Separatory amalgamatu","description":"Separatory amalgamatu do Twojego gabinetu.","publisher":{"@id":"https:\/\/www.separatoryamalgamatu.com.pl\/#organization"},"potentialAction":[{"@type":"SearchAction","target":{"@type":"EntryPoint","urlTemplate":"https:\/\/www.separatoryamalgamatu.com.pl\/?s={search_term_string}"},"query-input":"required name=search_term_string"}],"inLanguage":"en-US"},{"@type":"ImageObject","@id":"https:\/\/www.separatoryamalgamatu.com.pl\/en\/scientific-articles\/#primaryimage","inLanguage":"en-US","url":"https:\/\/www.separatoryamalgamatu.com.pl\/wp-content\/uploads\/2018\/10\/zab1.jpg","contentUrl":"https:\/\/www.separatoryamalgamatu.com.pl\/wp-content\/uploads\/2018\/10\/zab1.jpg","width":140,"height":185},{"@type":"WebPage","@id":"https:\/\/www.separatoryamalgamatu.com.pl\/en\/scientific-articles\/#webpage","url":"https:\/\/www.separatoryamalgamatu.com.pl\/en\/scientific-articles\/","name":"Rozporz\u0105dzenie w sprawie rt\u0119ci, amalgamatu stomatologicznego","isPartOf":{"@id":"https:\/\/www.separatoryamalgamatu.com.pl\/#website"},"primaryImageOfPage":{"@id":"https:\/\/www.separatoryamalgamatu.com.pl\/en\/scientific-articles\/#primaryimage"},"datePublished":"2018-10-16T06:27:02+00:00","dateModified":"2018-10-24T15:12:53+00:00","description":"Artyku\u0142y naukowe zawieraj\u0105ce informacje nt. rozporz\u0105dzenia w sprawie rt\u0119ci, amalgamatu stomatologicznego dost\u0119pne na naszej stronie. Zapoznaj si\u0119 z nimi.","breadcrumb":{"@id":"https:\/\/www.separatoryamalgamatu.com.pl\/en\/scientific-articles\/#breadcrumb"},"inLanguage":"en-US","potentialAction":[{"@type":"ReadAction","target":["https:\/\/www.separatoryamalgamatu.com.pl\/en\/scientific-articles\/"]}]},{"@type":"BreadcrumbList","@id":"https:\/\/www.separatoryamalgamatu.com.pl\/en\/scientific-articles\/#breadcrumb","itemListElement":[{"@type":"ListItem","position":1,"name":"Strona g\u0142\u00f3wna","item":"https:\/\/www.separatoryamalgamatu.com.pl\/"},{"@type":"ListItem","position":2,"name":"Scientific articles"}]}]}},"_links":{"self":[{"href":"https:\/\/www.separatoryamalgamatu.com.pl\/en\/wp-json\/wp\/v2\/pages\/1545"}],"collection":[{"href":"https:\/\/www.separatoryamalgamatu.com.pl\/en\/wp-json\/wp\/v2\/pages"}],"about":[{"href":"https:\/\/www.separatoryamalgamatu.com.pl\/en\/wp-json\/wp\/v2\/types\/page"}],"author":[{"embeddable":true,"href":"https:\/\/www.separatoryamalgamatu.com.pl\/en\/wp-json\/wp\/v2\/users\/1"}],"replies":[{"embeddable":true,"href":"https:\/\/www.separatoryamalgamatu.com.pl\/en\/wp-json\/wp\/v2\/comments?post=1545"}],"version-history":[{"count":3,"href":"https:\/\/www.separatoryamalgamatu.com.pl\/en\/wp-json\/wp\/v2\/pages\/1545\/revisions"}],"predecessor-version":[{"id":1688,"href":"https:\/\/www.separatoryamalgamatu.com.pl\/en\/wp-json\/wp\/v2\/pages\/1545\/revisions\/1688"}],"wp:attachment":[{"href":"https:\/\/www.separatoryamalgamatu.com.pl\/en\/wp-json\/wp\/v2\/media?parent=1545"}],"curies":[{"name":"wp","href":"https:\/\/api.w.org\/{rel}","templated":true}]}}