{"id":309,"date":"2018-06-21T21:04:58","date_gmt":"2018-06-21T19:04:58","guid":{"rendered":"http:\/\/www.separatordoamalgamatu.pl\/?page_id=309"},"modified":"2018-07-28T11:58:11","modified_gmt":"2018-07-28T09:58:11","slug":"rozporzadzenie-w-sprawie-rteci","status":"publish","type":"page","link":"https:\/\/www.separatoryamalgamatu.com.pl\/en\/rozporzadzenie-w-sprawie-rteci\/","title":{"rendered":"Akty prawne"},"content":{"rendered":"<h2 style=\"text-align: center;\">ROZPORZ\u0104DZENIE PARLAMENTU EUROPEJSKIEGO I RADY (UE) 2017\/852 z dnia 17 maja 2017 r. w sprawie rt\u0119ci<\/h2>\n<h2 style=\"text-align: center;\">oraz uchylaj\u0105ce rozporz\u0105dzenie (WE) nr 1102\/2008<\/h2>\n<h2 style=\"text-align: center;\">Artyku\u0142 10<\/h2>\n<p style=\"text-align: center;\"><strong>Amalgamat stomatologiczny<\/strong><\/p>\n<h3>Od 1 stycznia 2019 roku<\/h3>\n<p>1.Od dnia 1 stycznia 2019 r. amalgamat stomatologiczny stosuje si\u0119 wy\u0142\u0105cznie w formie kapsu\u0142kowanej w odmierzonej dawce. Zakazuje si\u0119 stosowania przez lekarzy dentyst\u00f3w rt\u0119ci w formie niekapsu\u0142kowanej.<\/p>\n<h3>Od 1 lipca 2018 roku<\/h3>\n<p>2.Od dnia 1 lipca 2018 r. amalgamatu stomatologicznego nie mo\u017cna stosowa\u0107 w leczeniu z\u0119b\u00f3w mlecznych, w leczeniu stomatologicznym dzieci w wieku poni\u017cej 15 lat oraz kobiet ci\u0119\u017carnych lub karmi\u0105cych, z wyj\u0105tkiem sytuacji, w kt\u00f3rych lekarz dentysta uzna to za absolutnie niezb\u0119dne z uwagi na szczeg\u00f3lne potrzeby medyczne pacjenta.<\/p>\n<h3>Do dnia 1 lipca 2019 roku<\/h3>\n<p>3.Do dnia 1 lipca 2019 r. ka\u017cde pa\u0144stwo cz\u0142onkowskie opracuje krajowy plan dotycz\u0105cy \u015brodk\u00f3w, jakie zamierza wdro\u017cy\u0107 w celu stopniowego ograniczania stosowania amalgamatu stomatologicznego. Pa\u0144stwa cz\u0142onkowskie publicznie udost\u0119pniaj\u0105 w internecie swoje krajowe plany oraz przekazuj\u0105 je Komisji w ci\u0105gu miesi\u0105ca od ich przyj\u0119cia.<\/p>\n<h3>Od 1 stycznia 2019 roku<\/h3>\n<p>4.Od dnia 1 stycznia 2019 r. podmioty prowadz\u0105ce gabinety stomatologiczne, w kt\u00f3rych stosowany jest amalgamat stomatologiczny lub w kt\u00f3rych usuwane s\u0105 wype\u0142nienia z amalgamatu stomatologicznego lub z\u0119by zawieraj\u0105ce takie wype\u0142nienia zapewniaj\u0105 wyposa\u017cenie swoich gabinet\u00f3w w separatory amalgamatu do cel\u00f3w zatrzymywania i zbierania cz\u0105stek amalgamatu, w tym r\u00f3wnie\u017c cz\u0105stek znajduj\u0105cych si\u0119 w zu\u017cytej wodzie.<\/p>\n<p>Podmioty te zapewniaj\u0105, aby:<\/p>\n<p>a) separatory amalgamatu wprowadzone do u\u017cytku od dnia 1 stycznia 2018 r. zapewnia\u0142y zatrzymywanie co najmniej 95 % cz\u0105stek amalgamatu;<\/p>\n<h3>O dnia 1 stycznia 2021 roku<\/h3>\n<p>b) od dnia 1 stycznia 2021 r. wszystkie separatory amalgamatu b\u0119d\u0105ce w u\u017cyciu zapewnia\u0142y zatrzymywanie cz\u0105stek amalgamatu na poziomie okre\u015blonym w lit. a).<\/p>\n<p>Separatory amalgamatu musz\u0105 by\u0107 konserwowane zgodnie z instrukcjami producenta, aby zapewni\u0107 najwy\u017cszy wykonalny poziom zatrzymania amalgamatu.<\/p>\n<p>5.Kapsu\u0142ki i separatory amalgamatu zgodne z normami europejskimi lub z innymi krajowymi lub mi\u0119dzynarodowymi normami zapewniaj\u0105cymi r\u00f3wnowa\u017cny poziom jako\u015bci i zatrzymywania uwa\u017ca si\u0119 za spe\u0142niaj\u0105ce wymogi okre\u015blone w ust. 1 i 4.<\/p>\n<p>6.Lekarze denty\u015bci zapewniaj\u0105, aby ich odpadami amalgamatu, w tym r\u00f3wnie\u017c pozosta\u0142o\u015bciami amalgamatu, jego cz\u0105stkami, wype\u0142nieniami raz z\u0119bami, lub ich cz\u0119\u015bciami, zanieczyszczonymi amalgamatem stomatologicznym, zajmowa\u0142 si\u0119 i dokonywa\u0142 ich zbi\u00f3rki upowa\u017cniony do tego zak\u0142ad lub przedsi\u0119biorstwo specjalizuj\u0105ce si\u0119 w gospodarowaniu odpadami.<\/p>\n<p>Lekarze denty\u015bci w \u017cadnym przypadku nie mog\u0105 uwalnia\u0107 \u2013 bezpo\u015brednio lub po\u015brednio \u2013 takich odpad\u00f3w amalgamatu do \u015brodowiska.<\/p>\n<p><a href=\"https:\/\/www.nil.org.pl\/__data\/assets\/pdf_file\/0019\/112366\/ROZPORZaDZENIE-2017-852-z-dnia-17-maja-2017-r.-w-sprawie-rteci.pdf\">Rozporz\u0105dzenie unijne w sprawie rt\u0119ci<\/a><\/p>\n<p>&nbsp;<\/p>\n","protected":false},"excerpt":{"rendered":"<p>ROZPORZ\u0104DZENIE PARLAMENTU EUROPEJSKIEGO I RADY (UE) 2017\/852 z dnia 17 maja 2017 r. w sprawie rt\u0119ci oraz uchylaj\u0105ce rozporz\u0105dzenie (WE) nr 1102\/2008 Artyku\u0142 10 Amalgamat stomatologiczny Od 1 stycznia 2019 roku 1.Od dnia 1 stycznia 2019 r. amalgamat stomatologiczny stosuje si\u0119 wy\u0142\u0105cznie w formie kapsu\u0142kowanej w odmierzonej dawce. Zakazuje si\u0119 stosowania przez lekarzy dentyst\u00f3w rt\u0119ci<a href=\"https:\/\/www.separatoryamalgamatu.com.pl\/en\/rozporzadzenie-w-sprawie-rteci\/\">[&#8230;]<\/a><\/p>\n","protected":false},"author":1,"featured_media":0,"parent":0,"menu_order":0,"comment_status":"closed","ping_status":"closed","template":"template-fullwidth.php","meta":[],"wppr_data":{"cwp_meta_box_check":"No"},"yoast_head":"<!-- This site is optimized with the Yoast SEO plugin v17.4 - https:\/\/yoast.com\/wordpress\/plugins\/seo\/ -->\n<title>Amalgamat stomatologiczny, rozporz\u0105dzenie w sprawie rt\u0119ci<\/title>\n<meta name=\"description\" content=\"Rozporz\u0105dzenie unijne w sprawie rt\u0119ci, amalgamatu stomatologicznego wprowadza zmiany do gabinet\u00f3w stomatologicznych. Zobacz co si\u0119 zmieni w stomatologii.\" \/>\n<meta name=\"robots\" content=\"index, follow, max-snippet:-1, max-image-preview:large, max-video-preview:-1\" \/>\n<link rel=\"canonical\" href=\"https:\/\/www.separatoryamalgamatu.com.pl\/en\/rozporzadzenie-w-sprawie-rteci\/\" \/>\n<meta property=\"og:locale\" content=\"en_US\" \/>\n<meta property=\"og:type\" content=\"article\" \/>\n<meta property=\"og:title\" content=\"Amalgamat stomatologiczny, rozporz\u0105dzenie w sprawie rt\u0119ci\" \/>\n<meta property=\"og:description\" content=\"Rozporz\u0105dzenie unijne w sprawie rt\u0119ci, amalgamatu stomatologicznego wprowadza zmiany do gabinet\u00f3w stomatologicznych. Zobacz co si\u0119 zmieni w stomatologii.\" \/>\n<meta property=\"og:url\" content=\"https:\/\/www.separatoryamalgamatu.com.pl\/en\/rozporzadzenie-w-sprawie-rteci\/\" \/>\n<meta property=\"og:site_name\" content=\"Separatory amalgamatu\" \/>\n<meta property=\"article:modified_time\" content=\"2018-07-28T09:58:11+00:00\" \/>\n<meta name=\"twitter:card\" content=\"summary_large_image\" \/>\n<meta name=\"twitter:label1\" content=\"Est. reading time\" \/>\n\t<meta name=\"twitter:data1\" content=\"2 minutes\" \/>\n<script type=\"application\/ld+json\" class=\"yoast-schema-graph\">{\"@context\":\"https:\/\/schema.org\",\"@graph\":[{\"@type\":\"Organization\",\"@id\":\"https:\/\/www.separatoryamalgamatu.com.pl\/#organization\",\"name\":\"separatory amalgamatu\",\"url\":\"https:\/\/www.separatoryamalgamatu.com.pl\/\",\"sameAs\":[\"https:\/\/www.instagram.com\/separatoryamalgamatu\/?hl=pl\"],\"logo\":{\"@type\":\"ImageObject\",\"@id\":\"https:\/\/www.separatoryamalgamatu.com.pl\/#logo\",\"inLanguage\":\"en-US\",\"url\":\"https:\/\/www.separatoryamalgamatu.com.pl\/wp-content\/uploads\/2018\/06\/Logo.png\",\"contentUrl\":\"https:\/\/www.separatoryamalgamatu.com.pl\/wp-content\/uploads\/2018\/06\/Logo.png\",\"width\":500,\"height\":500,\"caption\":\"separatory amalgamatu\"},\"image\":{\"@id\":\"https:\/\/www.separatoryamalgamatu.com.pl\/#logo\"}},{\"@type\":\"WebSite\",\"@id\":\"https:\/\/www.separatoryamalgamatu.com.pl\/#website\",\"url\":\"https:\/\/www.separatoryamalgamatu.com.pl\/\",\"name\":\"Separatory amalgamatu\",\"description\":\"Separatory amalgamatu do Twojego gabinetu.\",\"publisher\":{\"@id\":\"https:\/\/www.separatoryamalgamatu.com.pl\/#organization\"},\"potentialAction\":[{\"@type\":\"SearchAction\",\"target\":{\"@type\":\"EntryPoint\",\"urlTemplate\":\"https:\/\/www.separatoryamalgamatu.com.pl\/?s={search_term_string}\"},\"query-input\":\"required name=search_term_string\"}],\"inLanguage\":\"en-US\"},{\"@type\":\"WebPage\",\"@id\":\"https:\/\/www.separatoryamalgamatu.com.pl\/en\/rozporzadzenie-w-sprawie-rteci\/#webpage\",\"url\":\"https:\/\/www.separatoryamalgamatu.com.pl\/en\/rozporzadzenie-w-sprawie-rteci\/\",\"name\":\"Amalgamat stomatologiczny, rozporz\\u0105dzenie w sprawie rt\\u0119ci\",\"isPartOf\":{\"@id\":\"https:\/\/www.separatoryamalgamatu.com.pl\/#website\"},\"datePublished\":\"2018-06-21T19:04:58+00:00\",\"dateModified\":\"2018-07-28T09:58:11+00:00\",\"description\":\"Rozporz\\u0105dzenie unijne w sprawie rt\\u0119ci, amalgamatu stomatologicznego wprowadza zmiany do gabinet\\u00f3w stomatologicznych. Zobacz co si\\u0119 zmieni w stomatologii.\",\"breadcrumb\":{\"@id\":\"https:\/\/www.separatoryamalgamatu.com.pl\/en\/rozporzadzenie-w-sprawie-rteci\/#breadcrumb\"},\"inLanguage\":\"en-US\",\"potentialAction\":[{\"@type\":\"ReadAction\",\"target\":[\"https:\/\/www.separatoryamalgamatu.com.pl\/en\/rozporzadzenie-w-sprawie-rteci\/\"]}]},{\"@type\":\"BreadcrumbList\",\"@id\":\"https:\/\/www.separatoryamalgamatu.com.pl\/en\/rozporzadzenie-w-sprawie-rteci\/#breadcrumb\",\"itemListElement\":[{\"@type\":\"ListItem\",\"position\":1,\"name\":\"Strona g\\u0142\\u00f3wna\",\"item\":\"https:\/\/www.separatoryamalgamatu.com.pl\/\"},{\"@type\":\"ListItem\",\"position\":2,\"name\":\"Akty prawne\"}]}]}<\/script>\n<!-- \/ Yoast SEO plugin. -->","yoast_head_json":{"title":"Amalgamat stomatologiczny, rozporz\u0105dzenie w sprawie rt\u0119ci","description":"Rozporz\u0105dzenie unijne w sprawie rt\u0119ci, amalgamatu stomatologicznego wprowadza zmiany do gabinet\u00f3w stomatologicznych. Zobacz co si\u0119 zmieni w stomatologii.","robots":{"index":"index","follow":"follow","max-snippet":"max-snippet:-1","max-image-preview":"max-image-preview:large","max-video-preview":"max-video-preview:-1"},"canonical":"https:\/\/www.separatoryamalgamatu.com.pl\/en\/rozporzadzenie-w-sprawie-rteci\/","og_locale":"en_US","og_type":"article","og_title":"Amalgamat stomatologiczny, rozporz\u0105dzenie w sprawie rt\u0119ci","og_description":"Rozporz\u0105dzenie unijne w sprawie rt\u0119ci, amalgamatu stomatologicznego wprowadza zmiany do gabinet\u00f3w stomatologicznych. Zobacz co si\u0119 zmieni w stomatologii.","og_url":"https:\/\/www.separatoryamalgamatu.com.pl\/en\/rozporzadzenie-w-sprawie-rteci\/","og_site_name":"Separatory amalgamatu","article_modified_time":"2018-07-28T09:58:11+00:00","twitter_card":"summary_large_image","twitter_misc":{"Est. reading time":"2 minutes"},"schema":{"@context":"https:\/\/schema.org","@graph":[{"@type":"Organization","@id":"https:\/\/www.separatoryamalgamatu.com.pl\/#organization","name":"separatory amalgamatu","url":"https:\/\/www.separatoryamalgamatu.com.pl\/","sameAs":["https:\/\/www.instagram.com\/separatoryamalgamatu\/?hl=pl"],"logo":{"@type":"ImageObject","@id":"https:\/\/www.separatoryamalgamatu.com.pl\/#logo","inLanguage":"en-US","url":"https:\/\/www.separatoryamalgamatu.com.pl\/wp-content\/uploads\/2018\/06\/Logo.png","contentUrl":"https:\/\/www.separatoryamalgamatu.com.pl\/wp-content\/uploads\/2018\/06\/Logo.png","width":500,"height":500,"caption":"separatory amalgamatu"},"image":{"@id":"https:\/\/www.separatoryamalgamatu.com.pl\/#logo"}},{"@type":"WebSite","@id":"https:\/\/www.separatoryamalgamatu.com.pl\/#website","url":"https:\/\/www.separatoryamalgamatu.com.pl\/","name":"Separatory amalgamatu","description":"Separatory amalgamatu do Twojego gabinetu.","publisher":{"@id":"https:\/\/www.separatoryamalgamatu.com.pl\/#organization"},"potentialAction":[{"@type":"SearchAction","target":{"@type":"EntryPoint","urlTemplate":"https:\/\/www.separatoryamalgamatu.com.pl\/?s={search_term_string}"},"query-input":"required name=search_term_string"}],"inLanguage":"en-US"},{"@type":"WebPage","@id":"https:\/\/www.separatoryamalgamatu.com.pl\/en\/rozporzadzenie-w-sprawie-rteci\/#webpage","url":"https:\/\/www.separatoryamalgamatu.com.pl\/en\/rozporzadzenie-w-sprawie-rteci\/","name":"Amalgamat stomatologiczny, rozporz\u0105dzenie w sprawie rt\u0119ci","isPartOf":{"@id":"https:\/\/www.separatoryamalgamatu.com.pl\/#website"},"datePublished":"2018-06-21T19:04:58+00:00","dateModified":"2018-07-28T09:58:11+00:00","description":"Rozporz\u0105dzenie unijne w sprawie rt\u0119ci, amalgamatu stomatologicznego wprowadza zmiany do gabinet\u00f3w stomatologicznych. Zobacz co si\u0119 zmieni w stomatologii.","breadcrumb":{"@id":"https:\/\/www.separatoryamalgamatu.com.pl\/en\/rozporzadzenie-w-sprawie-rteci\/#breadcrumb"},"inLanguage":"en-US","potentialAction":[{"@type":"ReadAction","target":["https:\/\/www.separatoryamalgamatu.com.pl\/en\/rozporzadzenie-w-sprawie-rteci\/"]}]},{"@type":"BreadcrumbList","@id":"https:\/\/www.separatoryamalgamatu.com.pl\/en\/rozporzadzenie-w-sprawie-rteci\/#breadcrumb","itemListElement":[{"@type":"ListItem","position":1,"name":"Strona g\u0142\u00f3wna","item":"https:\/\/www.separatoryamalgamatu.com.pl\/"},{"@type":"ListItem","position":2,"name":"Akty prawne"}]}]}},"_links":{"self":[{"href":"https:\/\/www.separatoryamalgamatu.com.pl\/en\/wp-json\/wp\/v2\/pages\/309"}],"collection":[{"href":"https:\/\/www.separatoryamalgamatu.com.pl\/en\/wp-json\/wp\/v2\/pages"}],"about":[{"href":"https:\/\/www.separatoryamalgamatu.com.pl\/en\/wp-json\/wp\/v2\/types\/page"}],"author":[{"embeddable":true,"href":"https:\/\/www.separatoryamalgamatu.com.pl\/en\/wp-json\/wp\/v2\/users\/1"}],"replies":[{"embeddable":true,"href":"https:\/\/www.separatoryamalgamatu.com.pl\/en\/wp-json\/wp\/v2\/comments?post=309"}],"version-history":[{"count":6,"href":"https:\/\/www.separatoryamalgamatu.com.pl\/en\/wp-json\/wp\/v2\/pages\/309\/revisions"}],"predecessor-version":[{"id":1289,"href":"https:\/\/www.separatoryamalgamatu.com.pl\/en\/wp-json\/wp\/v2\/pages\/309\/revisions\/1289"}],"wp:attachment":[{"href":"https:\/\/www.separatoryamalgamatu.com.pl\/en\/wp-json\/wp\/v2\/media?parent=309"}],"curies":[{"name":"wp","href":"https:\/\/api.w.org\/{rel}","templated":true}]}}